{"id":392,"date":"2026-02-19T12:48:37","date_gmt":"2026-02-19T11:48:37","guid":{"rendered":"https:\/\/leimax.bplaced.net\/kroatien\/services\/"},"modified":"2026-04-16T12:52:39","modified_gmt":"2026-04-16T10:52:39","slug":"services","status":"publish","type":"page","link":"https:\/\/leimax.bplaced.net\/kroatien\/services\/","title":{"rendered":"Services"},"content":{"rendered":"\n\n\n\n\n<figure class=\"wp-block-image size-full\">\n  <img decoding=\"async\" src=\"https:\/\/leimax.bplaced.net\/kroatien\/wp-content\/uploads\/2022\/10\/Our-Mission-min.jpg\" alt=\"Neuigkeiten Bild\" class=\"wp-image-165\" \/>\n<\/figure>\n\n\n<p class=\"has-text-color ast-global-color-3\">\nHier findest du die neuesten Beitr\u00e4ge aus meinem Leben. In diesem Bereich teile ich regelm\u00e4\u00dfig Updates, \nErfahrungen und aktuelle Ereignisse, die mich besch\u00e4ftigen.<br><br>\n\nOb Schule, Projekte oder pers\u00f6nliche Erlebnisse \u2013 du bleibst hier immer auf dem neuesten Stand. \nDer Bereich wird laufend aktualisiert, sodass es immer wieder etwas Neues zu entdecken gibt.<br><br>\n\nSchau regelm\u00e4\u00dfig vorbei, um keine neuen Posts zu verpassen.\n<\/p>\n\n\n\n\n\n\n\n\n\n\n\n\n\n","protected":false},"excerpt":{"rendered":"","protected":false},"author":1,"featured_media":0,"parent":0,"menu_order":0,"comment_status":"closed","ping_status":"closed","template":"","meta":{"footnotes":""},"class_list":["post-392","page","type-page","status-publish","hentry"],"_links":{"self":[{"href":"https:\/\/leimax.bplaced.net\/kroatien\/wp-json\/wp\/v2\/pages\/392","targetHints":{"allow":["GET"]}}],"collection":[{"href":"https:\/\/leimax.bplaced.net\/kroatien\/wp-json\/wp\/v2\/pages"}],"about":[{"href":"https:\/\/leimax.bplaced.net\/kroatien\/wp-json\/wp\/v2\/types\/page"}],"author":[{"embeddable":true,"href":"https:\/\/leimax.bplaced.net\/kroatien\/wp-json\/wp\/v2\/users\/1"}],"replies":[{"embeddable":true,"href":"https:\/\/leimax.bplaced.net\/kroatien\/wp-json\/wp\/v2\/comments?post=392"}],"version-history":[{"count":3,"href":"https:\/\/leimax.bplaced.net\/kroatien\/wp-json\/wp\/v2\/pages\/392\/revisions"}],"predecessor-version":[{"id":2288,"href":"https:\/\/leimax.bplaced.net\/kroatien\/wp-json\/wp\/v2\/pages\/392\/revisions\/2288"}],"wp:attachment":[{"href":"https:\/\/leimax.bplaced.net\/kroatien\/wp-json\/wp\/v2\/media?parent=392"}],"curies":[{"name":"wp","href":"https:\/\/api.w.org\/{rel}","templated":true}]}}